{"id":7,"date":"2023-11-13T10:18:01","date_gmt":"2023-11-13T13:18:01","guid":{"rendered":"https:\/\/4techsolucoes.com\/?page_id=7"},"modified":"2024-05-07T15:49:01","modified_gmt":"2024-05-07T18:49:01","slug":"pagina-inicial","status":"publish","type":"page","link":"https:\/\/4techsolucoes.com\/","title":{"rendered":"P\u00e1gina Inicial"},"content":{"rendered":"<div class=\"wpb-content-wrapper\"><p>[vc_row full_width=&#8221;stretch_row_content_no_spaces&#8221; full_height=&#8221;yes&#8221; equal_height=&#8221;yes&#8221; css=&#8221;.vc_custom_1704329560348{background: #dbdbdb url(https:\/\/4techsolucoes.com\/wp-content\/uploads\/2024\/01\/4techsol_2024001F-scaled.jpg?id=82) !important;background-position: 0 0 !important;background-repeat: no-repeat !important;}&#8221;][vc_column width=&#8221;1\/4&#8243;][\/vc_column][vc_column width=&#8221;1\/2&#8243; css=&#8221;.vc_custom_1702507438686{padding-right: 16px !important;padding-left: 16px !important;}&#8221;][vc_single_image image=&#8221;23&#8243; img_size=&#8221;medium&#8221; alignment=&#8221;center&#8221;][vc_empty_space][vc_custom_heading text=&#8221;Loca\u00e7\u00e3o de Equipamentos: Transforme seu cen\u00e1rio tecnol\u00f3gico com Hardware as a Service (HaaS).&#8221; font_container=&#8221;tag:h2|text_align:center|color:%23ffffff&#8221; google_fonts=&#8221;font_family:Roboto%3A100%2C100italic%2C300%2C300italic%2Cregular%2Citalic%2C500%2C500italic%2C700%2C700italic%2C900%2C900italic|font_style:700%20bold%20regular%3A700%3Anormal&#8221;][vc_empty_space height=&#8221;12px&#8221;][vc_column_text]<\/p>\n<p style=\"text-align: center;\"><span style=\"color: #ffffff;\">Aluguel de computadores e notebooks em Fortaleza. Oferecemos solu\u00e7\u00f5es simples e eficientes para sua empresa, desde o aluguel b\u00e1sico at\u00e9 projetos completos de suporte e monitoramento. Garanta tranquilidade, efici\u00eancia e economia. Deixe a gest\u00e3o do seu parque tecnol\u00f3gico conosco e foque no crescimento do seu neg\u00f3cio.<\/span><\/p>\n<p>[\/vc_column_text][vc_empty_space height=&#8221;12px&#8221;][vc_row_inner][vc_column_inner width=&#8221;1\/2&#8243; css=&#8221;.vc_custom_1704334985034{padding-right: 8px !important;padding-left: 8px !important;}&#8221;][vc_btn title=&#8221;Quero um or\u00e7amento&#8221; size=&#8221;lg&#8221; align=&#8221;center&#8221; button_block=&#8221;true&#8221; link=&#8221;url:https%3A%2F%2Fbit.ly%2F4techsolucoes|title:WhatsApp&#8221;][\/vc_column_inner][vc_column_inner width=&#8221;1\/2&#8243; css=&#8221;.vc_custom_1704334981073{padding-right: 8px !important;padding-left: 8px !important;}&#8221;][vc_btn title=&#8221;Suporte T\u00e9cnico&#8221; style=&#8221;outline-custom&#8221; outline_custom_color=&#8221;#ffffff&#8221; outline_custom_hover_background=&#8221;&#8221; outline_custom_hover_text=&#8221;&#8221; size=&#8221;lg&#8221; align=&#8221;center&#8221; button_block=&#8221;true&#8221; link=&#8221;url:https%3A%2F%2Fsuporte.4techsolucoes.com%2F&#8221;][\/vc_column_inner][\/vc_row_inner][\/vc_column][vc_column width=&#8221;1\/4&#8243;][\/vc_column][\/vc_row][vc_row][vc_column width=&#8221;1\/6&#8243;][\/vc_column][vc_column width=&#8221;2\/3&#8243;][vc_empty_space][vc_column_text css=&#8221;.vc_custom_1704331620350{padding-right: 16px !important;padding-left: 16px !important;}&#8221;]Seja bem-vindo \u00e0 <strong>4Tech Solu\u00e7\u00f5es em Tecnologia<\/strong>, sua parceira confi\u00e1vel em Solu\u00e7\u00f5es em Tecnologia, especializada em <strong>Aluguel de Computadores, Notebooks e Nobreaks<\/strong> e na <em>i<\/em><em>nstala\u00e7\u00e3o e manuten\u00e7\u00e3o em<\/em><strong> Infraestrutura de Rede<\/strong> na vibrante cidade de Fortaleza (CE). Atendendo \u00e0s necessidades tecnol\u00f3gicas desde 2017, a <strong>4Tech Solu\u00e7\u00f5es em Tecnologia<\/strong> destaca-se como uma refer\u00eancia no setor.[\/vc_column_text][vc_empty_space][vc_separator color=&#8221;orange&#8221; style=&#8221;dotted&#8221; el_width=&#8221;30&#8243;][\/vc_column][vc_column width=&#8221;1\/6&#8243;][\/vc_column][\/vc_row][vc_row][vc_column css=&#8221;.vc_custom_1704331547563{padding-right: 16px !important;padding-left: 16px !important;}&#8221;][vc_custom_heading text=&#8221;Estou \u00e0 disposi\u00e7\u00e3o.<br \/>\nO que voc\u00ea precisa?&#8221; font_container=&#8221;tag:h2|text_align:center&#8221; google_fonts=&#8221;font_family:Roboto%3A100%2C100italic%2C300%2C300italic%2Cregular%2Citalic%2C500%2C500italic%2C700%2C700italic%2C900%2C900italic|font_style:700%20bold%20regular%3A700%3Anormal&#8221;][vc_empty_space][vc_row_inner][vc_column_inner width=&#8221;1\/4&#8243;][vc_single_image image=&#8221;83&#8243; img_size=&#8221;full&#8221;][vc_custom_heading text=&#8221;Aluguel ou Manuten\u00e7\u00e3o de Computadores&#8221; font_container=&#8221;tag:h4|text_align:center&#8221; google_fonts=&#8221;font_family:Roboto%3A100%2C100italic%2C300%2C300italic%2Cregular%2Citalic%2C500%2C500italic%2C700%2C700italic%2C900%2C900italic|font_style:400%20regular%3A400%3Anormal&#8221;][vc_empty_space height=&#8221;34px&#8221;][\/vc_column_inner][vc_column_inner width=&#8221;1\/4&#8243;][vc_single_image image=&#8221;122&#8243; img_size=&#8221;full&#8221;][vc_custom_heading text=&#8221;Aluguel ou Manuten\u00e7\u00e3o de C\u00e2meras de Seguran\u00e7a&#8221; font_container=&#8221;tag:h4|text_align:center&#8221; google_fonts=&#8221;font_family:Roboto%3A100%2C100italic%2C300%2C300italic%2Cregular%2Citalic%2C500%2C500italic%2C700%2C700italic%2C900%2C900italic|font_style:400%20regular%3A400%3Anormal&#8221;][vc_empty_space height=&#8221;34px&#8221;][\/vc_column_inner][vc_column_inner width=&#8221;1\/4&#8243;][vc_single_image image=&#8221;87&#8243; img_size=&#8221;full&#8221;][vc_custom_heading text=&#8221;Instala\u00e7\u00e3o e Manuten\u00e7\u00e3o de Infraestrutura de Redes&#8221; font_container=&#8221;tag:h4|text_align:center&#8221; google_fonts=&#8221;font_family:Roboto%3A100%2C100italic%2C300%2C300italic%2Cregular%2Citalic%2C500%2C500italic%2C700%2C700italic%2C900%2C900italic|font_style:400%20regular%3A400%3Anormal&#8221;][vc_empty_space height=&#8221;34px&#8221;][\/vc_column_inner][vc_column_inner width=&#8221;1\/4&#8243;][vc_single_image image=&#8221;109&#8243; img_size=&#8221;full&#8221;][vc_custom_heading text=&#8221;Aluguel ou Manuten\u00e7\u00e3o de Wi-Fi Corporativo&#8221; font_container=&#8221;tag:h4|text_align:center&#8221; google_fonts=&#8221;font_family:Roboto%3A100%2C100italic%2C300%2C300italic%2Cregular%2Citalic%2C500%2C500italic%2C700%2C700italic%2C900%2C900italic|font_style:400%20regular%3A400%3Anormal&#8221;][vc_empty_space height=&#8221;34px&#8221;][\/vc_column_inner][\/vc_row_inner][vc_empty_space][vc_btn title=&#8221;Quero um or\u00e7amento&#8221; color=&#8221;warning&#8221; size=&#8221;lg&#8221; align=&#8221;center&#8221; link=&#8221;url:https%3A%2F%2Fbit.ly%2F4techsolucoes|title:WhatsApp&#8221;][vc_empty_space][\/vc_column][\/vc_row][vc_row][vc_column width=&#8221;1\/6&#8243;][\/vc_column][vc_column width=&#8221;2\/3&#8243;][vc_row_inner][vc_column_inner width=&#8221;1\/3&#8243;][\/vc_column_inner][vc_column_inner width=&#8221;1\/3&#8243;][\/vc_column_inner][vc_column_inner width=&#8221;1\/3&#8243;][\/vc_column_inner][\/vc_row_inner][\/vc_column][vc_column width=&#8221;1\/6&#8243;][\/vc_column][\/vc_row][vc_row disable_element=&#8221;yes&#8221;][vc_column width=&#8221;1\/6&#8243;][\/vc_column][vc_column width=&#8221;2\/3&#8243;][vc_custom_heading text=&#8221;Raz\u00f5es para investir nessa Escolha&#8221; font_container=&#8221;tag:h2|text_align:center&#8221; google_fonts=&#8221;font_family:Roboto%3A100%2C100italic%2C300%2C300italic%2Cregular%2Citalic%2C500%2C500italic%2C700%2C700italic%2C900%2C900italic|font_style:700%20bold%20regular%3A700%3Anormal&#8221;][vc_empty_space][vc_row_inner][vc_column_inner width=&#8221;1\/4&#8243;][\/vc_column_inner][vc_column_inner width=&#8221;1\/4&#8243;][\/vc_column_inner][vc_column_inner width=&#8221;1\/4&#8243;][\/vc_column_inner][vc_column_inner width=&#8221;1\/4&#8243;][\/vc_column_inner][\/vc_row_inner][vc_empty_space][\/vc_column][vc_column width=&#8221;1\/6&#8243;][\/vc_column][\/vc_row][vc_row][vc_column][vc_row_inner][vc_column_inner width=&#8221;1\/6&#8243;][\/vc_column_inner][vc_column_inner width=&#8221;2\/3&#8243;][vc_separator color=&#8221;orange&#8221; style=&#8221;dotted&#8221; el_width=&#8221;30&#8243;][vc_empty_space][vc_custom_heading text=&#8221;4Tech Solu\u00e7\u00f5es em Tecnologia \u00a9 2024. Todos os direitos reservados.&#8221; font_container=&#8221;tag:p|font_size:1em|text_align:center|color:%23bababa&#8221; google_fonts=&#8221;font_family:Roboto%3A100%2C100italic%2C300%2C300italic%2Cregular%2Citalic%2C500%2C500italic%2C700%2C700italic%2C900%2C900italic|font_style:400%20regular%3A400%3Anormal&#8221; css=&#8221;.vc_custom_1715107733164{padding-right: 16px !important;padding-left: 16px !important;}&#8221;][vc_custom_heading text=&#8221;CNPJ: 32.566.921\/0001-02&#8243; font_container=&#8221;tag:p|font_size:1em|text_align:center|color:%23bababa&#8221; google_fonts=&#8221;font_family:Roboto%3A100%2C100italic%2C300%2C300italic%2Cregular%2Citalic%2C500%2C500italic%2C700%2C700italic%2C900%2C900italic|font_style:400%20regular%3A400%3Anormal&#8221; css=&#8221;.vc_custom_1704492642943{padding-right: 16px !important;padding-left: 16px !important;}&#8221;][vc_empty_space height=&#8221;38px&#8221;][\/vc_column_inner][vc_column_inner width=&#8221;1\/6&#8243;][\/vc_column_inner][\/vc_row_inner][\/vc_column][\/vc_row]<\/p>\n<\/div>","protected":false},"excerpt":{"rendered":"<p>[vc_row full_width=&#8221;stretch_row_content_no_spaces&#8221; full_height=&#8221;yes&#8221; equal_height=&#8221;yes&#8221; css=&#8221;.vc_custom_1704329560348{background: #dbdbdb url(https:\/\/4techsolucoes.com\/wp-content\/uploads\/2024\/01\/4techsol_2024001F-scaled.jpg?id=82) !important;background-position: 0 0 !important;background-repeat: no-repeat !important;}&#8221;][vc_column width=&#8221;1\/4&#8243;][\/vc_column][vc_column width=&#8221;1\/2&#8243; css=&#8221;.vc_custom_1702507438686{padding-right: 16px !important;padding-left: 16px !important;}&#8221;][vc_single_image image=&#8221;23&#8243; img_size=&#8221;medium&#8221; alignment=&#8221;center&#8221;][vc_empty_space][vc_custom_heading text=&#8221;Loca\u00e7\u00e3o de Equipamentos: Transforme seu cen\u00e1rio tecnol\u00f3gico com Hardware as a Service (HaaS).&#8221; font_container=&#8221;tag:h2|text_align:center|color:%23ffffff&#8221; google_fonts=&#8221;font_family:Roboto%3A100%2C100italic%2C300%2C300italic%2Cregular%2Citalic%2C500%2C500italic%2C700%2C700italic%2C900%2C900italic|font_style:700%20bold%20regular%3A700%3Anormal&#8221;][vc_empty_space height=&#8221;12px&#8221;][vc_column_text] Aluguel de computadores e notebooks em Fortaleza. Oferecemos solu\u00e7\u00f5es simples e eficientes para sua empresa, desde [&hellip;]<\/p>\n","protected":false},"author":1,"featured_media":0,"parent":0,"menu_order":0,"comment_status":"closed","ping_status":"closed","template":"page-no-title","meta":{"footnotes":""},"class_list":["post-7","page","type-page","status-publish","hentry"],"_links":{"self":[{"href":"https:\/\/4techsolucoes.com\/index.php\/wp-json\/wp\/v2\/pages\/7","targetHints":{"allow":["GET"]}}],"collection":[{"href":"https:\/\/4techsolucoes.com\/index.php\/wp-json\/wp\/v2\/pages"}],"about":[{"href":"https:\/\/4techsolucoes.com\/index.php\/wp-json\/wp\/v2\/types\/page"}],"author":[{"embeddable":true,"href":"https:\/\/4techsolucoes.com\/index.php\/wp-json\/wp\/v2\/users\/1"}],"replies":[{"embeddable":true,"href":"https:\/\/4techsolucoes.com\/index.php\/wp-json\/wp\/v2\/comments?post=7"}],"version-history":[{"count":10,"href":"https:\/\/4techsolucoes.com\/index.php\/wp-json\/wp\/v2\/pages\/7\/revisions"}],"predecessor-version":[{"id":135,"href":"https:\/\/4techsolucoes.com\/index.php\/wp-json\/wp\/v2\/pages\/7\/revisions\/135"}],"wp:attachment":[{"href":"https:\/\/4techsolucoes.com\/index.php\/wp-json\/wp\/v2\/media?parent=7"}],"curies":[{"name":"wp","href":"https:\/\/api.w.org\/{rel}","templated":true}]}}